{"id":607,"date":"2018-04-18T11:01:56","date_gmt":"2018-04-18T11:01:56","guid":{"rendered":"http:\/\/cinerama.edge-themes.com\/?page_id=607"},"modified":"2018-10-17T08:50:19","modified_gmt":"2018-10-17T06:50:19","slug":"contact-mosesfilm","status":"publish","type":"page","link":"http:\/\/mosesfilm.de\/wordpress\/contact-mosesfilm\/","title":{"rendered":"Contact Us"},"content":{"rendered":"<div class=\"wpb-content-wrapper\"><p>[vc_row][vc_column css=&#8220;.vc_custom_1538486970534{margin-top: 30px !important;margin-left: 50px !important;}&#8220;][vc_column_text]mosesfilm International Ltd.<\/p>\n<p>Oskar-J\u00e4ger-Stra\u00dfe 173<\/p>\n<p>50825 K\u00f6ln[\/vc_column_text][\/vc_column][\/vc_row][vc_row row_content_width=&#8220;grid&#8220; css=&#8220;.vc_custom_1524052247118{padding-top: 50px !important;padding-bottom: 50px !important;}&#8220;][vc_column]<div class=\"edgtf-separator-holder clearfix  edgtf-separator-center edgtf-separator-full-width\">\n\t<div class=\"edgtf-separator\" style=\"border-color: #e6e6e6;border-style: solid;border-bottom-width: 1px\"><\/div>\n<\/div>\n[\/vc_column][\/vc_row][vc_row][vc_column css=&#8220;.vc_custom_1538487289342{margin-right: 50px !important;margin-bottom: 70px !important;margin-left: 50px !important;}&#8220;]<div class=\"edgtf-testimonials-holder clearfix edgtf-testimonials \">\n    <div class=\"edgtf-testimonials edgtf-owl-slider\" data-enable-loop=\"yes\" data-enable-autoplay=\"yes\" data-slider-speed=\"5000\" data-slider-speed-animation=\"600\" data-enable-navigation=\"yes\" data-enable-pagination=\"yes\">\n\n    \n            <div class=\"edgtf-testimonial-content\" id=\"edgtf-testimonials-5678\">\n                \t            <div class=\"edgtf-testimonial-text-holder\">\n                                            <p class=\"edgtf-testimonial-text\">\"Es ist insgesamt schon sehr gaga!\"<\/p>\n                                                                <p class=\"edgtf-testimonial-author\">\n                            <span class=\"edgtf-testimonials-author-name\">- Ezab Perfido H\u00e4hnle \u00fcber seine Beziehung mit Lady Gaga<\/span>\n                        <\/p>\n                                    <\/div>\n            <\/div>\n\n    \n            <div class=\"edgtf-testimonial-content\" id=\"edgtf-testimonials-5675\">\n                \t            <div class=\"edgtf-testimonial-text-holder\">\n                                            <p class=\"edgtf-testimonial-text\">\"Es waren die harten Drogen und mein Penis. Ganz einfaches Rezept, h\u00e4h\u00e4h\u00e4h\u00e4h\u00e4h\u00e4!\"<\/p>\n                                                                <p class=\"edgtf-testimonial-author\">\n                            <span class=\"edgtf-testimonials-author-name\">- Tim Habble auf die Frage wie er zu gro\u00dfem Erfolg in der Filmbranche kam<\/span>\n                        <\/p>\n                                    <\/div>\n            <\/div>\n\n    \n            <div class=\"edgtf-testimonial-content\" id=\"edgtf-testimonials-5677\">\n                \t            <div class=\"edgtf-testimonial-text-holder\">\n                                            <p class=\"edgtf-testimonial-text\">\"Frauen sind f\u00fcr mich in erster Stelle Objekte. Die man aufstellt, rotieren l\u00e4sst, positioniert.\"<\/p>\n                                                                <p class=\"edgtf-testimonial-author\">\n                            <span class=\"edgtf-testimonials-author-name\">- Ezab Perfido H\u00e4hnle \u00fcber Schauspielerinnen<\/span>\n                        <\/p>\n                                    <\/div>\n            <\/div>\n\n    \n            <div class=\"edgtf-testimonial-content\" id=\"edgtf-testimonials-5676\">\n                \t            <div class=\"edgtf-testimonial-text-holder\">\n                                            <p class=\"edgtf-testimonial-text\">\"Nein. Es ist eher ein bisschen wie Schladming.\"<\/p>\n                                                                <p class=\"edgtf-testimonial-author\">\n                            <span class=\"edgtf-testimonials-author-name\">- Filmstar Tim Habble auf die Frage, ob Hollywood so ist, wie er es sich vorgestellt hatte<\/span>\n                        <\/p>\n                                    <\/div>\n            <\/div>\n\n    \n            <div class=\"edgtf-testimonial-content\" id=\"edgtf-testimonials-5674\">\n                \t            <div class=\"edgtf-testimonial-text-holder\">\n                                            <p class=\"edgtf-testimonial-text\">\"Sagen wir es so: Klaus Kinski w\u00e4re im Vergleich zu mir ein empathischer Teamplayer.\"<\/p>\n                                                                <p class=\"edgtf-testimonial-author\">\n                            <span class=\"edgtf-testimonials-author-name\">- Frank Kaiser auf die Frage, ob es leicht ist mit ihm am Set zusammenzuarbeiten<\/span>\n                        <\/p>\n                                    <\/div>\n            <\/div>\n\n    \n            <div class=\"edgtf-testimonial-content\" id=\"edgtf-testimonials-1826\">\n                \t            <div class=\"edgtf-testimonial-text-holder\">\n                                            <p class=\"edgtf-testimonial-text\">\"Nie habe ich in einem professionellerem Umfeld gearbeitet!\"<\/p>\n                                                                <p class=\"edgtf-testimonial-author\">\n                            <span class=\"edgtf-testimonials-author-name\">- Simone &quot;Osmose&quot; Brehm<\/span>\n                        <\/p>\n                                    <\/div>\n            <\/div>\n\n    \n            <div class=\"edgtf-testimonial-content\" id=\"edgtf-testimonials-1702\">\n                \t            <div class=\"edgtf-testimonial-text-holder\">\n                                            <p class=\"edgtf-testimonial-text\">\"Ich hab einfach \u00fcberhaupt nix kapiert.\"<\/p>\n                                                                <p class=\"edgtf-testimonial-author\">\n                            <span class=\"edgtf-testimonials-author-name\">- Kathrin Ehammer auf die Frage, was sie \u00fcber die Story des Films denkt<\/span>\n                        <\/p>\n                                    <\/div>\n            <\/div>\n\n    \n            <div class=\"edgtf-testimonial-content\" id=\"edgtf-testimonials-1700\">\n                \t            <div class=\"edgtf-testimonial-text-holder\">\n                                            <p class=\"edgtf-testimonial-text\"> \"Alle anderen waren vollgepumpt mit Drogen und billigem Fusel\"<\/p>\n                                                                <p class=\"edgtf-testimonial-author\">\n                            <span class=\"edgtf-testimonials-author-name\">- Nico Birkner \u00fcber die Arbeitsbedingungen bei mosesfilm<\/span>\n                        <\/p>\n                                    <\/div>\n            <\/div>\n\n    \n    <\/div>\n<\/div>[\/vc_column][\/vc_row][vc_row][vc_column]<div class=\"edgtf-google-map-holder\">\n\t<div class=\"edgtf-google-map\" id=\"edgtf-map-988669\" data-addresses='[\"Oskar-J\u00e4ger-Str. 173, 50825 K\u00f6ln\"]' data-custom-map-style=no data-color-overlay=#393939 data-saturation=-100 data-lightness=-60 data-zoom=12 data-pin=http:\/\/mosesfilm.de\/wordpress\/wp-content\/uploads\/2018\/05\/Pin.png data-unique-id=988669 data-scroll-wheel=no data-height=500 data-snazzy-map-style=yes><\/div>\n\t\t\t<input type=\"hidden\" class=\"edgtf-snazzy-map\" value=\"\" \/>\n\t\t\t\t<div class=\"edgtf-google-map-overlay\"><\/div>\n\t<\/div>\n[\/vc_column][\/vc_row]<\/p>\n<\/div>","protected":false},"excerpt":{"rendered":"<p>[vc_row][vc_column css=&#8220;.vc_custom_1538486970534{margin-top: 30px !important;margin-left: 50px !important;}&#8220;][vc_column_text]mosesfilm International Ltd. Oskar-J\u00e4ger-Stra\u00dfe 173 50825 K\u00f6ln[\/vc_column_text][\/vc_column][\/vc_row][vc_row row_content_width=&#8220;grid&#8220; css=&#8220;.vc_custom_1524052247118{padding-top: 50px !important;padding-bottom: 50px [&hellip;]<\/p>\n","protected":false},"author":1,"featured_media":0,"parent":0,"menu_order":0,"comment_status":"closed","ping_status":"closed","template":"full-width.php","meta":{"footnotes":""},"_links":{"self":[{"href":"http:\/\/mosesfilm.de\/wordpress\/wp-json\/wp\/v2\/pages\/607"}],"collection":[{"href":"http:\/\/mosesfilm.de\/wordpress\/wp-json\/wp\/v2\/pages"}],"about":[{"href":"http:\/\/mosesfilm.de\/wordpress\/wp-json\/wp\/v2\/types\/page"}],"author":[{"embeddable":true,"href":"http:\/\/mosesfilm.de\/wordpress\/wp-json\/wp\/v2\/users\/1"}],"replies":[{"embeddable":true,"href":"http:\/\/mosesfilm.de\/wordpress\/wp-json\/wp\/v2\/comments?post=607"}],"version-history":[{"count":9,"href":"http:\/\/mosesfilm.de\/wordpress\/wp-json\/wp\/v2\/pages\/607\/revisions"}],"predecessor-version":[{"id":5848,"href":"http:\/\/mosesfilm.de\/wordpress\/wp-json\/wp\/v2\/pages\/607\/revisions\/5848"}],"wp:attachment":[{"href":"http:\/\/mosesfilm.de\/wordpress\/wp-json\/wp\/v2\/media?parent=607"}],"curies":[{"name":"wp","href":"https:\/\/api.w.org\/{rel}","templated":true}]}}